{"id":19168,"date":"2023-12-21T13:01:59","date_gmt":"2023-12-21T12:01:59","guid":{"rendered":"https:\/\/2biol.com\/privacy-policy\/"},"modified":"2024-05-16T14:58:58","modified_gmt":"2024-05-16T12:58:58","slug":"privacy-policy","status":"publish","type":"page","link":"https:\/\/2biol.com\/en\/privacy-policy\/","title":{"rendered":"Privacy Policy"},"content":{"rendered":"&#13;\n<h2 class=\"wp-block-heading\">Privacy Policy<\/h2>&#13;\n<p><strong>Informativa ai sensi dell&#8217;art. 13 del Codice della Privacy<\/strong><\/p>&#13;\n<p><b>Ai sensi dell&#8217;articolo 13 del codice della D.Lgs. 196\/2003, vi rendiamo le seguenti informazioni.<\/b><\/p>&#13;\n<p>Noi di <strong><span id=\"sito\">https:\/\/www.2biol.com<\/span><\/strong> riteniamo che la privacy dei nostri visitatori sia estremamente importante. Questo documento descrive dettagliatamente i tipi di informazioni personali raccolti e registrati dal nostro sito e come essi vengano utilizzati.<\/p>&#13;\n<h3>Log Files<\/h3>&#13;\n<p>Come molti altri siti web, il nostro utilizza file di log. Questi file registrano semplicemente i visitatori del sito &#8211; di solito una procedura standard delle aziende di hosting e dei servizi di analisi degli hosting.<\/p>&#13;\n<p>Le informazioni contenute nei file di registro comprendono indirizzi di protocollo Internet (IP), il tipo di browser, Internet Service Provider (ISP), informazioni come data e ora, pagine referral, pagine d&#8217;uscita ed entrata o il numero di clic.<\/p>&#13;\n<p>Queste informazioni vengono utilizzate per analizzare le tendenze, amministrare il sito, monitorare il movimento degli utenti sul sito e raccogliere informazioni demografiche. Gli indirizzi IP e le altre informazioni non sono collegate a informazioni personali che possono essere identificate, dunque <strong>tutti i dati sono raccolti in forma assolutamente anonima<\/strong>.<\/p>&#13;\n<div id=\"cookies\">&#13;\n<h3>This website uses Cookies<\/h3>&#13;\n<p>I cookies sono piccoli file di testo che vengono automaticamente posizionati sul PC del navigatore all\u2019interno del browser. Essi contengono informazioni di base sulla navigazione in Internet e grazie al browser vengono riconosciuti ogni volta che l\u2019utente visita il sito.<\/p>&#13;\n<h3>Cookie Policy<\/h3>&#13;\n<p>Questo sito utilizza cookies, anche di terze parti, per migliorarne l\u2019esperienza di navigazione, consentire a chi naviga di usufruire di eventuali servizi online e monitorare la navigazione nel sito.<\/p>&#13;\n<h3>How to Disable Cookies<\/h3>&#13;\n<p>E\u2019 possibile disabilitare i cookies direttamente dal browser utilizzato, accedendo alle impostazioni (preferenze oppure opzioni): questa scelta potrebbe limitare alcune funzionalit\u00e0 di navigazione del sito.<\/p>&#13;\n<h3>Cookies Management<\/h3>&#13;\n<p>I cookies utilizzati in questo sito possono rientrare nelle categorie descritte di seguito.<\/p>&#13;\n<ul>&#13;\n<li><strong>Attivit\u00e0 strettamente necessarie al funzionamento<\/strong><br\/>Questi cookies hanno natura tecnica e permettono al sito di funzionare correttamente. Ad esempio, mantengono l\u2019utente collegato durante la navigazione evitando che il sito richieda di collegarsi pi\u00f9 volte per accedere alle pagine successive.<\/li>&#13;\n<li><strong>Attivit\u00e0 di salvataggio delle preferenze<\/strong><br\/>Questi cookie permettono di ricordare le preferenze selezionate dall\u2019utente durante la navigazione, ad esempio, consentono di impostare la lingua.<\/li>&#13;\n<li><strong>Attivit\u00e0 Statistiche e di Misurazione dell\u2019audience (es: Google Analytics)<\/strong><br\/>Questi cookie ci aiutano a capire, attraverso dati raccolti in forma anonima e aggregata, come gli utenti interagiscono con i siti internet fornendo informazioni relative alle sezioni visitate, il tempo trascorso sul sito, eventuali malfunzionamenti. Questo aiuta a migliorare la resa dei siti internet.<\/li>&#13;\n<li><strong>Cookie di social media (es: Facebook)<\/strong><br\/>Questi cookie di terza parte vengono utilizzati per integrare alcune diffuse funzionalit\u00e0 dei principali social media e fornirle all\u2019interno del sito. In particolare permettono la registrazione e l\u2019autenticazione sul sito tramite facebook e google connect, la condivisione e i commenti di pagine del sito sui social, abilitano le funzionalit\u00e0 del \u201cmi piace\u201d su Facebook e del \u201c+1\u2033 su G+.<\/li>&#13;\n<\/ul>&#13;\n<\/div>&#13;\n<h3>Purpose of processing<\/h3>&#13;\n<p>I dati possono essere raccolti per una o pi\u00f9 delle seguenti finalit\u00e0:<\/p>&#13;\n<ul>&#13;\n<li>fornire l&#8217;accesso ad aree riservate del Portale e di Portali\/siti collegati con il presente e all&#8217;invio di comunicazioni anche di carattere commerciale, notizie, aggiornamenti sulle iniziative di questo sito e delle societ\u00e0 da essa controllate e\/o collegate e\/o Sponsor.<\/li>&#13;\n<li>eventuale cessione a terzi dei suddetti dati, sempre finalizzata alla realizzazione di campagne di email marketing ed all&#8217;invio di comunicazioni di carattere commerciale.<\/li>&#13;\n<li>eseguire gli obblighi previsti da leggi o regolamenti;<\/li>&#13;\n<li>gestione contatti;<\/li>&#13;\n<\/ul>&#13;\n<h3>Method of treatment<\/h3>&#13;\n<p>I dati verranno trattati con le seguenti modalit\u00e0:<\/p>&#13;\n<ul>&#13;\n<li>raccolta dati con modalit\u00e0 single-opt, in apposito database;<\/li>&#13;\n<li>registrazione ed elaborazione su supporto cartaceo e\/o magnetico;<\/li>&#13;\n<li>organizzazione degli archivi in forma prevalentemente automatizzata, ai sensi del Disciplinare Tecnico in materia di misure minime di sicurezza, Allegato B del Codice della Privacy.<\/li>&#13;\n<\/ul>&#13;\n<h3>Mandatory nature<\/h3>&#13;\n<p>Tutti i dati richiesti sono obbligatori.<\/p>&#13;\n<h3>Rights of the data subject<\/h3>&#13;\n<p>Ai sensi ai sensi dell&#8217;art. 7 (Diritto di accesso ai dati personali ed altri diritti) del Codice della Privacy, vi segnaliamo che i vostri diritti in ordine al trattamento dei dati sono:<\/p>&#13;\n<ul>&#13;\n<li>conoscere, mediante accesso gratuito l&#8217;esistenza di trattamenti di dati che possano riguardarvi;<\/li>&#13;\n<li>essere informati sulla natura e sulle finalit\u00e0 del trattamento<\/li>&#13;\n<li>ottenere a cura del titolare, senza ritardo:&#13;\n<ul>&#13;\n<li>la conferma dell&#8217;esistenza o meno di dati personali che vi riguardano, anche se non ancora registrati, e la comunicazione in forma intellegibile dei medesimi dati e della loro origine, nonch\u00e9 della logica e delle finalit\u00e0 su cui si basa il trattamento; la richiesta pu\u00f2 essere rinnovata, salva l&#8217;esistenza di giustificati motivi, con intervallo non minore di novanta giorni;<\/li>&#13;\n<li>la cancellazione, la trasformazione in forma anonima o il blocco dei dati trattati in violazione di legge, compresi quelli di cui non \u00e8 necessaria la conservazione in relazione agli scopi per i quali i dati sono stati raccolti o successivamente trattati;<\/li>&#13;\n<li>l&#8217;aggiornamento, la rettifica ovvero, qualora vi abbia interesse, l&#8217;integrazione dei dati esistenti;<\/li>&#13;\n<li>opporvi in tutto o in parte per motivi legittimi al trattamento dei dati personali che vi riguardano ancorch\u00e9 pertinenti allo scopo della raccolta;<\/li>&#13;\n<\/ul>&#13;\n<\/li>&#13;\n<\/ul>&#13;\n<p>Vi segnaliamo che il titolare del trattamento ad ogni effetto di legge \u00e8:<\/p>&#13;\n<ul>&#13;\n<li><b><span id=\"azienda\">2Biological Instruments S.N.C.<\/span><\/b><\/li>&#13;\n<li id=\"piva\">P. IVA <span id=\"iva\">02489610127<\/span><\/li>&#13;\n<li id=\"codiceFiscale\">Codice Fiscale: <span id=\"codice_Fiscale\">02489610127<\/span><\/li>&#13;\n<li><span id=\"indirizzo\">via L. Da Vinci 2C <\/span><\/li>&#13;\n<li><span id=\"cap\">21023 <\/span>&#8211; <span id=\"citta\">Besozzo <\/span>(<span id=\"provincia\">VA<\/span>)<\/li>&#13;\n<li>Tel\/Fax: <span id=\"telefono\">0332 773210<\/span><\/li>&#13;\n<li>E-mail: <span id=\"email\">2biol@2biol.com<\/span><\/li>&#13;\n<\/ul>&#13;\n<p>Per esercitare i diritti previsti all&#8217;art. 7 del Codice della Privacy ovvero per la cancellazione dei vostri dati dall&#8217;archivio, \u00e8 sufficiente contattarci attraverso uno dei canali messi a disposizione.<\/p>&#13;\n<p>Tutti i dati sono protetti attraverso l&#8217;uso di antivirus, firewall e protezione attraverso password.<\/p>&#13;\n<h3>Information for children<\/h3>&#13;\n<p>Riteniamo importante assicurare una protezione aggiunta ai bambini online. Noi incoraggiamo i genitori e i tutori a trascorrere del tempo online con i loro figli per osservare, partecipare e\/o monitorare e guidare la loro attivit\u00e0 online. Noi non raccogliamo dati personali di minori. Se un genitore o un tutore crede che il nostro sito abbia nel suo database le informazioni personali di un bambino, vi preghiamo di contattarci immediatamente (utilizzando la mail fornita) e faremo di tutto per rimuovere tali informazioni il pi\u00f9 presto possibile.<\/p>&#13;\n<p>Questa politica sulla privacy si applica solo alle nostre attivit\u00e0 online ed \u00e8 valida per i visitatori del nostro sito web e per quanto riguarda le informazioni condivise e\/o raccolte. Questa politica non si applica a qualsiasi informazione raccolta in modalit\u00e0 offline o tramite canali diversi da questo sito web.<\/p>&#13;\n<h3>Consent<\/h3>&#13;\n<p>Usando il nostro sito web, acconsenti alla nostra politica sulla privacy e accetti i suoi termini. Se desideri ulteriori informazioni o hai domande sulla nostra politica sulla privacy non esitare a contattarci.<\/p>&#13;","protected":false},"excerpt":{"rendered":"<p>&#13; Privacy Policy &#13; Informativa ai sensi dell&#8217;art. 13 del Codice della Privacy &#13; Ai sensi dell&#8217;articolo 13 del codice della D.Lgs. 196\/2003, vi rendiamo le seguenti informazioni. &#13; Noi di https:\/\/www.2biol.com riteniamo che la privacy dei nostri visitatori sia estremamente importante. Questo documento descrive dettagliatamente i tipi di informazioni personali raccolti e registrati dal [&hellip;]<\/p>\n","protected":false},"author":1,"featured_media":0,"parent":0,"menu_order":0,"comment_status":"closed","ping_status":"open","template":"","meta":{"footnotes":""},"class_list":["post-19168","page","type-page","status-publish","hentry"],"acf":[],"yoast_head":"<!-- This site is optimized with the Yoast SEO plugin v23.6 - https:\/\/yoast.com\/wordpress\/plugins\/seo\/ -->\n<title>Privacy Policy - 2B<\/title>\n<meta name=\"robots\" content=\"index, follow, max-snippet:-1, max-image-preview:large, max-video-preview:-1\" \/>\n<link rel=\"canonical\" href=\"https:\/\/2biol.com\/privacy-policy\/\" \/>\n<meta property=\"og:locale\" content=\"en_US\" \/>\n<meta property=\"og:type\" content=\"article\" \/>\n<meta property=\"og:title\" content=\"Privacy Policy - 2B\" \/>\n<meta property=\"og:description\" content=\"&#013; Privacy Policy &#013; Informativa ai sensi dell&#8217;art. 13 del Codice della Privacy &#013; Ai sensi dell&#8217;articolo 13 del codice della D.Lgs. 196\/2003, vi rendiamo le seguenti informazioni. &#013; Noi di https:\/\/www.2biol.com riteniamo che la privacy dei nostri visitatori sia estremamente importante. Questo documento descrive dettagliatamente i tipi di informazioni personali raccolti e registrati dal [&hellip;]\" \/>\n<meta property=\"og:url\" content=\"https:\/\/2biol.com\/privacy-policy\/\" \/>\n<meta property=\"og:site_name\" content=\"2B\" \/>\n<meta property=\"article:modified_time\" content=\"2024-05-16T12:58:58+00:00\" \/>\n<meta name=\"twitter:card\" content=\"summary_large_image\" \/>\n<meta name=\"twitter:label1\" content=\"Est. reading time\" \/>\n\t<meta name=\"twitter:data1\" content=\"5 minutes\" \/>\n<script type=\"application\/ld+json\" class=\"yoast-schema-graph\">{\"@context\":\"https:\/\/schema.org\",\"@graph\":[{\"@type\":\"WebPage\",\"@id\":\"https:\/\/2biol.com\/privacy-policy\/\",\"url\":\"https:\/\/2biol.com\/privacy-policy\/\",\"name\":\"Privacy Policy - 2B\",\"isPartOf\":{\"@id\":\"https:\/\/2biol.com\/#website\"},\"datePublished\":\"2023-12-21T12:01:59+00:00\",\"dateModified\":\"2024-05-16T12:58:58+00:00\",\"breadcrumb\":{\"@id\":\"https:\/\/2biol.com\/privacy-policy\/#breadcrumb\"},\"inLanguage\":\"en-US\",\"potentialAction\":[{\"@type\":\"ReadAction\",\"target\":[\"https:\/\/2biol.com\/privacy-policy\/\"]}]},{\"@type\":\"BreadcrumbList\",\"@id\":\"https:\/\/2biol.com\/privacy-policy\/#breadcrumb\",\"itemListElement\":[{\"@type\":\"ListItem\",\"position\":1,\"name\":\"Home\",\"item\":\"https:\/\/2biol.com\/en\/\"},{\"@type\":\"ListItem\",\"position\":2,\"name\":\"Privacy Policy\"}]},{\"@type\":\"WebSite\",\"@id\":\"https:\/\/2biol.com\/#website\",\"url\":\"https:\/\/2biol.com\/\",\"name\":\"2Biological Instruments\",\"description\":\"\",\"publisher\":{\"@id\":\"https:\/\/2biol.com\/#organization\"},\"potentialAction\":[{\"@type\":\"SearchAction\",\"target\":{\"@type\":\"EntryPoint\",\"urlTemplate\":\"https:\/\/2biol.com\/?s={search_term_string}\"},\"query-input\":{\"@type\":\"PropertyValueSpecification\",\"valueRequired\":true,\"valueName\":\"search_term_string\"}}],\"inLanguage\":\"en-US\"},{\"@type\":\"Organization\",\"@id\":\"https:\/\/2biol.com\/#organization\",\"name\":\"2Biological Instruments\",\"url\":\"https:\/\/2biol.com\/\",\"logo\":{\"@type\":\"ImageObject\",\"inLanguage\":\"en-US\",\"@id\":\"https:\/\/2biol.com\/#\/schema\/logo\/image\/\",\"url\":\"https:\/\/2biol.com\/wp-content\/uploads\/2024\/01\/LOGO-2B-COMPLETO-vett.png\",\"contentUrl\":\"https:\/\/2biol.com\/wp-content\/uploads\/2024\/01\/LOGO-2B-COMPLETO-vett.png\",\"width\":700,\"height\":246,\"caption\":\"2Biological Instruments\"},\"image\":{\"@id\":\"https:\/\/2biol.com\/#\/schema\/logo\/image\/\"}}]}<\/script>\n<!-- \/ Yoast SEO plugin. -->","yoast_head_json":{"title":"Privacy Policy - 2B","robots":{"index":"index","follow":"follow","max-snippet":"max-snippet:-1","max-image-preview":"max-image-preview:large","max-video-preview":"max-video-preview:-1"},"canonical":"https:\/\/2biol.com\/privacy-policy\/","og_locale":"en_US","og_type":"article","og_title":"Privacy Policy - 2B","og_description":"&#13; Privacy Policy &#13; Informativa ai sensi dell&#8217;art. 13 del Codice della Privacy &#13; Ai sensi dell&#8217;articolo 13 del codice della D.Lgs. 196\/2003, vi rendiamo le seguenti informazioni. &#13; Noi di https:\/\/www.2biol.com riteniamo che la privacy dei nostri visitatori sia estremamente importante. Questo documento descrive dettagliatamente i tipi di informazioni personali raccolti e registrati dal [&hellip;]","og_url":"https:\/\/2biol.com\/privacy-policy\/","og_site_name":"2B","article_modified_time":"2024-05-16T12:58:58+00:00","twitter_card":"summary_large_image","twitter_misc":{"Est. reading time":"5 minutes"},"schema":{"@context":"https:\/\/schema.org","@graph":[{"@type":"WebPage","@id":"https:\/\/2biol.com\/privacy-policy\/","url":"https:\/\/2biol.com\/privacy-policy\/","name":"Privacy Policy - 2B","isPartOf":{"@id":"https:\/\/2biol.com\/#website"},"datePublished":"2023-12-21T12:01:59+00:00","dateModified":"2024-05-16T12:58:58+00:00","breadcrumb":{"@id":"https:\/\/2biol.com\/privacy-policy\/#breadcrumb"},"inLanguage":"en-US","potentialAction":[{"@type":"ReadAction","target":["https:\/\/2biol.com\/privacy-policy\/"]}]},{"@type":"BreadcrumbList","@id":"https:\/\/2biol.com\/privacy-policy\/#breadcrumb","itemListElement":[{"@type":"ListItem","position":1,"name":"Home","item":"https:\/\/2biol.com\/en\/"},{"@type":"ListItem","position":2,"name":"Privacy Policy"}]},{"@type":"WebSite","@id":"https:\/\/2biol.com\/#website","url":"https:\/\/2biol.com\/","name":"2Biological Instruments","description":"","publisher":{"@id":"https:\/\/2biol.com\/#organization"},"potentialAction":[{"@type":"SearchAction","target":{"@type":"EntryPoint","urlTemplate":"https:\/\/2biol.com\/?s={search_term_string}"},"query-input":{"@type":"PropertyValueSpecification","valueRequired":true,"valueName":"search_term_string"}}],"inLanguage":"en-US"},{"@type":"Organization","@id":"https:\/\/2biol.com\/#organization","name":"2Biological Instruments","url":"https:\/\/2biol.com\/","logo":{"@type":"ImageObject","inLanguage":"en-US","@id":"https:\/\/2biol.com\/#\/schema\/logo\/image\/","url":"https:\/\/2biol.com\/wp-content\/uploads\/2024\/01\/LOGO-2B-COMPLETO-vett.png","contentUrl":"https:\/\/2biol.com\/wp-content\/uploads\/2024\/01\/LOGO-2B-COMPLETO-vett.png","width":700,"height":246,"caption":"2Biological Instruments"},"image":{"@id":"https:\/\/2biol.com\/#\/schema\/logo\/image\/"}}]}},"_links":{"self":[{"href":"https:\/\/2biol.com\/en\/wp-json\/wp\/v2\/pages\/19168","targetHints":{"allow":["GET"]}}],"collection":[{"href":"https:\/\/2biol.com\/en\/wp-json\/wp\/v2\/pages"}],"about":[{"href":"https:\/\/2biol.com\/en\/wp-json\/wp\/v2\/types\/page"}],"author":[{"embeddable":true,"href":"https:\/\/2biol.com\/en\/wp-json\/wp\/v2\/users\/1"}],"replies":[{"embeddable":true,"href":"https:\/\/2biol.com\/en\/wp-json\/wp\/v2\/comments?post=19168"}],"version-history":[{"count":2,"href":"https:\/\/2biol.com\/en\/wp-json\/wp\/v2\/pages\/19168\/revisions"}],"predecessor-version":[{"id":19171,"href":"https:\/\/2biol.com\/en\/wp-json\/wp\/v2\/pages\/19168\/revisions\/19171"}],"wp:attachment":[{"href":"https:\/\/2biol.com\/en\/wp-json\/wp\/v2\/media?parent=19168"}],"curies":[{"name":"wp","href":"https:\/\/api.w.org\/{rel}","templated":true}]}}