{"id":22723,"date":"2024-05-20T13:40:31","date_gmt":"2024-05-20T11:40:31","guid":{"rendered":"https:\/\/2biol.com\/prodotti\/sistema-recupero-gas-esausti\/"},"modified":"2024-05-20T13:40:31","modified_gmt":"2024-05-20T11:40:31","slug":"sistema-recupero-gas-esausti","status":"publish","type":"product","link":"https:\/\/2biol.com\/en\/prodotti\/sistema-recupero-gas-esausti\/","title":{"rendered":"Sistema di recupero dei gas esausti: Fluovac \/ Scavanger"},"content":{"rendered":"<p>At Fluovac (or Scavanger) you have the relevant filters, which originally weigh 800 grams and must be disposed of (in special waste) when they reach a weight of 1000 grams. the display shows, at the end of the experiment, the weight reached by the filter, and as the critical threshold is approached, an audible alarm also goes off. Under normal working conditions (rodent) a filter lasts about 50 hours of work. Filters are sold in packages of 6, 12, 18 and 30 pieces. <strong>2340 &#8211; <\/strong><strong>R510-31-6 <\/strong><strong>ORIGINAL Kit 6 fluosorber filters for Scavanger<\/strong> <strong>2340-2 &#8211; <\/strong><strong>R510-31-12 <\/strong><strong>ORIGINAL Fluosorber filters (Canisters conf. 12pcs)<\/strong> <strong>2340-3 &#8211; <\/strong><strong>R510-31-18 <\/strong><strong>ORIGINAL Fluosorber filters (Canisters conf. 18pcs)<\/strong> <strong>2340-5 &#8211; <\/strong><strong>R510-31-18 <\/strong><strong>ORIGINAL Fluosorber filters (Canisters conf. 30pcs)<br \/>\n<\/strong><\/p>\n","protected":false},"excerpt":{"rendered":"<p>L&#8217;apparato di evacuazione dei gas (Fluovac o Scavanger) \u00e8 stato progettato per rimuovere in modo sicuro e attivo i gas di scarto associati all&#8217;anestesia inalatoria quotidiana. Il Fluovac\u00e8 in grado di assorbire i gas esaustsi di almeno 5 mascherine. Il nuovo apparecchio \u00e8 stato aggiornato con una gamma pi\u00f9 ampia di flussi di scarico, bassa rumorosit\u00e0 e dimensioni ridotte. Il display mostra il peso del filtro e accende un allarme sonoro quando \u00e8 ora della sua sostituzione. L&#8217;apparecchio \u00e8 provvisto di regolazione di velocit\u00e0 di aspirazione per adattarsi a tutte le esigenze sperimentali (mascherina su tavolo operatorio chirurgico, MRI, etc.).    <\/p>\n","protected":false},"featured_media":16411,"template":"","meta":[],"product_cat":[2597],"product_tag":[],"class_list":{"0":"post-22723","1":"product","2":"type-product","3":"status-publish","4":"has-post-thumbnail","6":"product_cat-anesthesia-and-euthanasia-en","8":"first","9":"instock","10":"shipping-taxable","11":"purchasable","12":"product-type-variable"},"acf":[],"yoast_head":"<!-- This site is optimized with the Yoast SEO plugin v23.6 - https:\/\/yoast.com\/wordpress\/plugins\/seo\/ -->\n<title>Sistema di recupero dei gas esausti: Fluovac \/ Scavanger - 2B<\/title>\n<meta name=\"robots\" content=\"index, follow, max-snippet:-1, max-image-preview:large, max-video-preview:-1\" \/>\n<link rel=\"canonical\" href=\"https:\/\/2biol.com\/prodotti\/sistema-recupero-gas-esausti\/\" \/>\n<meta property=\"og:locale\" content=\"en_US\" \/>\n<meta property=\"og:type\" content=\"article\" \/>\n<meta property=\"og:title\" content=\"Sistema di recupero dei gas esausti: Fluovac \/ Scavanger - 2B\" \/>\n<meta property=\"og:description\" content=\"L&#039;apparato di evacuazione dei gas (Fluovac o Scavanger) \u00e8 stato progettato per rimuovere in modo sicuro e attivo i gas di scarto associati all&#039;anestesia inalatoria quotidiana. Il Fluovac\u00e8 in grado di assorbire i gas esaustsi di almeno 5 mascherine. Il nuovo apparecchio \u00e8 stato aggiornato con una gamma pi\u00f9 ampia di flussi di scarico, bassa rumorosit\u00e0 e dimensioni ridotte. Il display mostra il peso del filtro e accende un allarme sonoro quando \u00e8 ora della sua sostituzione. L&#039;apparecchio \u00e8 provvisto di regolazione di velocit\u00e0 di aspirazione per adattarsi a tutte le esigenze sperimentali (mascherina su tavolo operatorio chirurgico, MRI, etc.).\" \/>\n<meta property=\"og:url\" content=\"https:\/\/2biol.com\/prodotti\/sistema-recupero-gas-esausti\/\" \/>\n<meta property=\"og:site_name\" content=\"2B\" \/>\n<meta name=\"twitter:card\" content=\"summary_large_image\" \/>\n<meta name=\"twitter:label1\" content=\"Est. reading time\" \/>\n\t<meta name=\"twitter:data1\" content=\"1 minute\" \/>\n<script type=\"application\/ld+json\" class=\"yoast-schema-graph\">{\"@context\":\"https:\/\/schema.org\",\"@graph\":[{\"@type\":\"WebPage\",\"@id\":\"https:\/\/2biol.com\/prodotti\/sistema-recupero-gas-esausti\/\",\"url\":\"https:\/\/2biol.com\/prodotti\/sistema-recupero-gas-esausti\/\",\"name\":\"Sistema di recupero dei gas esausti: Fluovac \/ Scavanger - 2B\",\"isPartOf\":{\"@id\":\"https:\/\/2biol.com\/#website\"},\"primaryImageOfPage\":{\"@id\":\"https:\/\/2biol.com\/prodotti\/sistema-recupero-gas-esausti\/#primaryimage\"},\"image\":{\"@id\":\"https:\/\/2biol.com\/prodotti\/sistema-recupero-gas-esausti\/#primaryimage\"},\"thumbnailUrl\":\"https:\/\/2biol.com\/wp-content\/uploads\/2024\/03\/RWD-Fluovac.jpg\",\"datePublished\":\"2024-05-20T11:40:31+00:00\",\"dateModified\":\"2024-05-20T11:40:31+00:00\",\"breadcrumb\":{\"@id\":\"https:\/\/2biol.com\/prodotti\/sistema-recupero-gas-esausti\/#breadcrumb\"},\"inLanguage\":\"en-US\",\"potentialAction\":[{\"@type\":\"ReadAction\",\"target\":[\"https:\/\/2biol.com\/prodotti\/sistema-recupero-gas-esausti\/\"]}]},{\"@type\":\"ImageObject\",\"inLanguage\":\"en-US\",\"@id\":\"https:\/\/2biol.com\/prodotti\/sistema-recupero-gas-esausti\/#primaryimage\",\"url\":\"https:\/\/2biol.com\/wp-content\/uploads\/2024\/03\/RWD-Fluovac.jpg\",\"contentUrl\":\"https:\/\/2biol.com\/wp-content\/uploads\/2024\/03\/RWD-Fluovac.jpg\",\"width\":1000,\"height\":1333},{\"@type\":\"BreadcrumbList\",\"@id\":\"https:\/\/2biol.com\/prodotti\/sistema-recupero-gas-esausti\/#breadcrumb\",\"itemListElement\":[{\"@type\":\"ListItem\",\"position\":1,\"name\":\"Home\",\"item\":\"https:\/\/2biol.com\/en\/\"},{\"@type\":\"ListItem\",\"position\":2,\"name\":\"Shop\",\"item\":\"https:\/\/2biol.com\/prodotti\/\"},{\"@type\":\"ListItem\",\"position\":3,\"name\":\"Sistema di recupero dei gas esausti: Fluovac \/ Scavanger\"}]},{\"@type\":\"WebSite\",\"@id\":\"https:\/\/2biol.com\/#website\",\"url\":\"https:\/\/2biol.com\/\",\"name\":\"2Biological Instruments\",\"description\":\"\",\"publisher\":{\"@id\":\"https:\/\/2biol.com\/#organization\"},\"potentialAction\":[{\"@type\":\"SearchAction\",\"target\":{\"@type\":\"EntryPoint\",\"urlTemplate\":\"https:\/\/2biol.com\/?s={search_term_string}\"},\"query-input\":{\"@type\":\"PropertyValueSpecification\",\"valueRequired\":true,\"valueName\":\"search_term_string\"}}],\"inLanguage\":\"en-US\"},{\"@type\":\"Organization\",\"@id\":\"https:\/\/2biol.com\/#organization\",\"name\":\"2Biological Instruments\",\"url\":\"https:\/\/2biol.com\/\",\"logo\":{\"@type\":\"ImageObject\",\"inLanguage\":\"en-US\",\"@id\":\"https:\/\/2biol.com\/#\/schema\/logo\/image\/\",\"url\":\"https:\/\/2biol.com\/wp-content\/uploads\/2024\/01\/LOGO-2B-COMPLETO-vett.png\",\"contentUrl\":\"https:\/\/2biol.com\/wp-content\/uploads\/2024\/01\/LOGO-2B-COMPLETO-vett.png\",\"width\":700,\"height\":246,\"caption\":\"2Biological Instruments\"},\"image\":{\"@id\":\"https:\/\/2biol.com\/#\/schema\/logo\/image\/\"}}]}<\/script>\n<!-- \/ Yoast SEO plugin. -->","yoast_head_json":{"title":"Sistema di recupero dei gas esausti: Fluovac \/ Scavanger - 2B","robots":{"index":"index","follow":"follow","max-snippet":"max-snippet:-1","max-image-preview":"max-image-preview:large","max-video-preview":"max-video-preview:-1"},"canonical":"https:\/\/2biol.com\/prodotti\/sistema-recupero-gas-esausti\/","og_locale":"en_US","og_type":"article","og_title":"Sistema di recupero dei gas esausti: Fluovac \/ Scavanger - 2B","og_description":"L'apparato di evacuazione dei gas (Fluovac o Scavanger) \u00e8 stato progettato per rimuovere in modo sicuro e attivo i gas di scarto associati all'anestesia inalatoria quotidiana. Il Fluovac\u00e8 in grado di assorbire i gas esaustsi di almeno 5 mascherine. Il nuovo apparecchio \u00e8 stato aggiornato con una gamma pi\u00f9 ampia di flussi di scarico, bassa rumorosit\u00e0 e dimensioni ridotte. Il display mostra il peso del filtro e accende un allarme sonoro quando \u00e8 ora della sua sostituzione. L'apparecchio \u00e8 provvisto di regolazione di velocit\u00e0 di aspirazione per adattarsi a tutte le esigenze sperimentali (mascherina su tavolo operatorio chirurgico, MRI, etc.).","og_url":"https:\/\/2biol.com\/prodotti\/sistema-recupero-gas-esausti\/","og_site_name":"2B","twitter_card":"summary_large_image","twitter_misc":{"Est. reading time":"1 minute"},"schema":{"@context":"https:\/\/schema.org","@graph":[{"@type":"WebPage","@id":"https:\/\/2biol.com\/prodotti\/sistema-recupero-gas-esausti\/","url":"https:\/\/2biol.com\/prodotti\/sistema-recupero-gas-esausti\/","name":"Sistema di recupero dei gas esausti: Fluovac \/ Scavanger - 2B","isPartOf":{"@id":"https:\/\/2biol.com\/#website"},"primaryImageOfPage":{"@id":"https:\/\/2biol.com\/prodotti\/sistema-recupero-gas-esausti\/#primaryimage"},"image":{"@id":"https:\/\/2biol.com\/prodotti\/sistema-recupero-gas-esausti\/#primaryimage"},"thumbnailUrl":"https:\/\/2biol.com\/wp-content\/uploads\/2024\/03\/RWD-Fluovac.jpg","datePublished":"2024-05-20T11:40:31+00:00","dateModified":"2024-05-20T11:40:31+00:00","breadcrumb":{"@id":"https:\/\/2biol.com\/prodotti\/sistema-recupero-gas-esausti\/#breadcrumb"},"inLanguage":"en-US","potentialAction":[{"@type":"ReadAction","target":["https:\/\/2biol.com\/prodotti\/sistema-recupero-gas-esausti\/"]}]},{"@type":"ImageObject","inLanguage":"en-US","@id":"https:\/\/2biol.com\/prodotti\/sistema-recupero-gas-esausti\/#primaryimage","url":"https:\/\/2biol.com\/wp-content\/uploads\/2024\/03\/RWD-Fluovac.jpg","contentUrl":"https:\/\/2biol.com\/wp-content\/uploads\/2024\/03\/RWD-Fluovac.jpg","width":1000,"height":1333},{"@type":"BreadcrumbList","@id":"https:\/\/2biol.com\/prodotti\/sistema-recupero-gas-esausti\/#breadcrumb","itemListElement":[{"@type":"ListItem","position":1,"name":"Home","item":"https:\/\/2biol.com\/en\/"},{"@type":"ListItem","position":2,"name":"Shop","item":"https:\/\/2biol.com\/prodotti\/"},{"@type":"ListItem","position":3,"name":"Sistema di recupero dei gas esausti: Fluovac \/ Scavanger"}]},{"@type":"WebSite","@id":"https:\/\/2biol.com\/#website","url":"https:\/\/2biol.com\/","name":"2Biological Instruments","description":"","publisher":{"@id":"https:\/\/2biol.com\/#organization"},"potentialAction":[{"@type":"SearchAction","target":{"@type":"EntryPoint","urlTemplate":"https:\/\/2biol.com\/?s={search_term_string}"},"query-input":{"@type":"PropertyValueSpecification","valueRequired":true,"valueName":"search_term_string"}}],"inLanguage":"en-US"},{"@type":"Organization","@id":"https:\/\/2biol.com\/#organization","name":"2Biological Instruments","url":"https:\/\/2biol.com\/","logo":{"@type":"ImageObject","inLanguage":"en-US","@id":"https:\/\/2biol.com\/#\/schema\/logo\/image\/","url":"https:\/\/2biol.com\/wp-content\/uploads\/2024\/01\/LOGO-2B-COMPLETO-vett.png","contentUrl":"https:\/\/2biol.com\/wp-content\/uploads\/2024\/01\/LOGO-2B-COMPLETO-vett.png","width":700,"height":246,"caption":"2Biological Instruments"},"image":{"@id":"https:\/\/2biol.com\/#\/schema\/logo\/image\/"}}]}},"_links":{"self":[{"href":"https:\/\/2biol.com\/en\/wp-json\/wp\/v2\/product\/22723","targetHints":{"allow":["GET"]}}],"collection":[{"href":"https:\/\/2biol.com\/en\/wp-json\/wp\/v2\/product"}],"about":[{"href":"https:\/\/2biol.com\/en\/wp-json\/wp\/v2\/types\/product"}],"version-history":[{"count":0,"href":"https:\/\/2biol.com\/en\/wp-json\/wp\/v2\/product\/22723\/revisions"}],"wp:featuredmedia":[{"embeddable":true,"href":"https:\/\/2biol.com\/en\/wp-json\/wp\/v2\/media\/16411"}],"wp:attachment":[{"href":"https:\/\/2biol.com\/en\/wp-json\/wp\/v2\/media?parent=22723"}],"wp:term":[{"taxonomy":"product_cat","embeddable":true,"href":"https:\/\/2biol.com\/en\/wp-json\/wp\/v2\/product_cat?post=22723"},{"taxonomy":"product_tag","embeddable":true,"href":"https:\/\/2biol.com\/en\/wp-json\/wp\/v2\/product_tag?post=22723"}],"curies":[{"name":"wp","href":"https:\/\/api.w.org\/{rel}","templated":true}]}}